{"id":8,"date":"2024-11-08T11:15:30","date_gmt":"2024-11-08T11:15:30","guid":{"rendered":"https:\/\/kulturszenario.de\/?page_id=8"},"modified":"2025-09-12T13:46:38","modified_gmt":"2025-09-12T13:46:38","slug":"kulturszenario","status":"publish","type":"page","link":"https:\/\/kulturszenario.de\/start\/","title":{"rendered":"KulturSzenario"},"content":{"rendered":"\t\t<div data-elementor-type=\"wp-post\" data-elementor-id=\"8\" class=\"elementor elementor-8\">\n\t\t\t\t<div class=\"elementor-element elementor-element-8f2340c e-con-full e-flex e-con e-parent\" data-id=\"8f2340c\" data-element_type=\"container\">\n\t\t\t\t<div class=\"elementor-element elementor-element-321eba0 elementor-widget elementor-widget-image\" data-id=\"321eba0\" data-element_type=\"widget\" data-widget_type=\"image.default\">\n\t\t\t\t<div class=\"elementor-widget-container\">\n\t\t\t\t\t\t\t\t\t\t\t\t\t\t\t<img fetchpriority=\"high\" decoding=\"async\" width=\"724\" height=\"1536\" src=\"https:\/\/kulturszenario.de\/wp-content\/uploads\/2025\/03\/RZneu_Anz_Kulturszenario_0228-724x1536.png\" class=\"attachment-1536x1536 size-1536x1536 wp-image-124\" alt=\"\" srcset=\"https:\/\/kulturszenario.de\/wp-content\/uploads\/2025\/03\/RZneu_Anz_Kulturszenario_0228-724x1536.png 724w, https:\/\/kulturszenario.de\/wp-content\/uploads\/2025\/03\/RZneu_Anz_Kulturszenario_0228-141x300.png 141w, https:\/\/kulturszenario.de\/wp-content\/uploads\/2025\/03\/RZneu_Anz_Kulturszenario_0228-482x1024.png 482w, https:\/\/kulturszenario.de\/wp-content\/uploads\/2025\/03\/RZneu_Anz_Kulturszenario_0228-768x1630.png 768w, https:\/\/kulturszenario.de\/wp-content\/uploads\/2025\/03\/RZneu_Anz_Kulturszenario_0228-965x2048.png 965w, https:\/\/kulturszenario.de\/wp-content\/uploads\/2025\/03\/RZneu_Anz_Kulturszenario_0228.png 1063w\" sizes=\"(max-width: 724px) 100vw, 724px\" \/>\t\t\t\t\t\t\t\t\t\t\t\t\t\t\t<\/div>\n\t\t\t\t<\/div>\n\t\t\t\t<\/div>\n\t\t<div class=\"elementor-element elementor-element-ec7c21e e-flex e-con-boxed e-con e-parent\" data-id=\"ec7c21e\" data-element_type=\"container\">\n\t\t\t\t\t<div class=\"e-con-inner\">\n\t\t\t\t<div class=\"elementor-element elementor-element-67bbc6f elementor-widget elementor-widget-text-editor\" data-id=\"67bbc6f\" data-element_type=\"widget\" data-widget_type=\"text-editor.default\">\n\t\t\t\t<div class=\"elementor-widget-container\">\n\t\t\t\t\t\t\t\t\t<p><strong><span style=\"text-decoration: underline;\">Programm 20. September: KULTUR IN DER STADT<\/span><\/strong><\/p><p><span style=\"color: #ffffff;\"><span style=\"font-family: Arial, sans-serif;\"><span style=\"font-size: medium;\">10 \u2013 17 Uhr: F\u00fchrungen zur vollen Stunde in der Gedenkst\u00e4tte f\u00fcr NS-Opfer<\/span><\/span><\/span><\/p><p><span style=\"color: #ffffff;\"><span style=\"font-family: Arial, sans-serif;\"><span style=\"font-size: medium;\">11 \u2013 20 Uhr: Ausstellung \u201eTotal analog und ganz ohne Strom\u201c, Rudi M\u00fcller zeigt private Sammlung von Wachswalzen, Schellackplatten, Phonographen und Grammophonen. Fr\u00f6belstra\u00dfe 26, 2. OG.<\/span><\/span><\/span><\/p><p><span style=\"color: #ffffff;\"><span style=\"font-family: Arial, sans-serif;\"><span style=\"font-size: medium;\">10 Uhr + 12 Uhr: <\/span><\/span><\/span><span style=\"color: #ffffff;\"><span style=\"font-family: Arial, sans-serif;\"><span style=\"font-size: medium;\">Live Musik mit Ede Eber-Huber beim Marktfr\u00fchst\u00fcck im Rathausinnenhof<\/span><\/span><\/span><\/p><p><span style=\"color: #ffffff;\"><span style=\"font-family: Arial, sans-serif;\"><span style=\"font-size: medium;\">11 Uhr: Performance der Juphi im Rathausinnenhof<\/span><\/span><\/span><\/p><p><span style=\"color: #ffffff;\"><span style=\"font-family: Arial, sans-serif;\"><span style=\"font-size: medium;\">11:30 Uhr: Marktkonzert mit dem Chor Christcendo in der Stiftskirche<\/span><\/span><\/span><\/p><p><span style=\"color: #ffffff;\"><span style=\"font-family: Arial, sans-serif;\"><span style=\"font-size: medium;\">12 Uhr: Stadtf\u00fchrung \u201eSpuren der Demokratie in Neustadt\u201c mit Michael Landgraf. Dauer: 60 Minuten, Startpunkt: Marktbrunnen<\/span><\/span><\/span><\/p><p><span style=\"color: #ffffff;\"><span style=\"font-family: Arial, sans-serif;\"><span style=\"font-size: medium;\">14 &#8211; 15 Uhr: Festliche Musik mit den &#8222;Leibniz Strings&#8220; im Steinh\u00e4user Hof, Rathausstra\u00dfe 6a<\/span><\/span><\/span><\/p><p><span style=\"color: #ffffff;\"><span style=\"font-family: Arial, sans-serif;\"><span style=\"font-size: medium;\">15 Uhr: Stadtf\u00fchrung \u201eLe Chaim\u201c mit Eberhard Dittus. Dauer: 120 Minuten, Startpunkt: Kartoffelmarkt<\/span><\/span><\/span><\/p><p><span style=\"color: #ffffff;\"><span style=\"font-family: Arial, sans-serif;\"><span style=\"font-size: medium;\">15 Uhr: Lesung mit Salim Alafenisch: \u201eSei schlau wie ein Kamel \u2013 Geschichten aus der W\u00fcste\u201c in der Alten Winzinger Kirche. Veranstalter: Literarisches Forum Neustadt e.V.<\/span><\/span><\/span><\/p><p><span style=\"color: #ffffff;\"><span style=\"font-family: Arial, sans-serif;\"><span style=\"font-size: medium;\">15, 17 und 19 Uhr: Filmvorf\u00fchrungen \u201eAlltagsleben in schwarz-wei\u00df\u201c, historische Aufnahmen von Neustadt und der Weinstra\u00dfe, dazu Vortr\u00e4ge in Pf\u00e4lzer Mundart. Veranstalter: Trachtengruppe Neustadt, Ort: Fr\u00f6belstra\u00dfe 26.<\/span><\/span><\/span><\/p><p><span style=\"color: #ffffff;\"><span style=\"font-size: medium;\"><span style=\"font-family: Arial, sans-serif;\">15 Uhr: <\/span><span style=\"font-family: Arial, sans-serif;\">Szenische <\/span><span style=\"font-family: Arial, sans-serif;\">Lesung \u201e<\/span><span style=\"font-family: Arial, sans-serif;\">Freundinnen? Freundinnen!\u201c mit Christine Bachtler, Dorothee Jehling und <\/span><span style=\"font-family: Arial, sans-serif;\">Isolde Opielka im Theater in der Kurve, Neustadt-Hambach.<\/span><\/span><\/span><\/p><p><span style=\"color: #ffffff;\"><span style=\"font-family: Arial, sans-serif;\"><span style=\"font-size: medium;\">15:30 Uhr: \u201eL\u00e4nder \u2013 Pf\u00e4lzer \u2013 Abenteuer\u201c, musikalische Lesung des Literaturnetzwerks TeXtur im Garten des Weinlokals Liebst\u00f6ckl, Mittelgasse<\/span><\/span><\/span><\/p><p><span style=\"color: #ffffff;\"><span style=\"font-family: Arial, sans-serif;\"><span style=\"font-size: medium;\">17:30 Uhr: Orgelkonzert &#8222;Orgel-Hitparade&#8220; mit Thomas Kaiser in der Prot. Johanneskirche Mu\u00dfbach. Veranstaltung der Kirchengemeinde Mu\u00dfbach<\/span><\/span><\/span><\/p><p><span style=\"color: #ffffff;\"><span style=\"font-family: Arial, sans-serif;\"><span style=\"font-size: medium;\">18 Uhr: Konzert der Kammermusik der Neustadter Musikfreunde im Casimirianum Neustadt<\/span><\/span><\/span><\/p><p><span style=\"color: #ffffff;\"><span style=\"font-family: Arial, sans-serif;\"><span style=\"font-size: medium;\">19 Uhr: Blockfl\u00f6tenensemble Si dolce im Gotischen Chor der Johanneskirche Mu\u00dfbach. Veranstaltung der Kirchengemeinde Gimmeldingen-K\u00f6nigsbach<\/span><\/span><\/span><\/p><p><span style=\"color: #ffffff;\"><span style=\"font-family: Arial, sans-serif;\"><span style=\"font-size: medium;\">20 Uhr: Chorkonzert mit 3 Ch\u00f6ren in der Stiftskirche Neustadt: Liedertafel, Figuralchor und Stiftskantorei. <\/span><\/span><\/span><\/p><p><span style=\"color: #ffffff;\"><span style=\"font-family: Arial, sans-serif;\"><span style=\"font-size: medium;\">Ab 20 Uhr: Abschluss in der Soku, Winzinger Stra\u00dfe: &#8222;Southern Soul&#8220; aus den 60ern und passende moderne Tracks. Dazu &#8222;Lagerfeuer&#8220; und gem\u00fctlicher Ausklang. F\u00fchrungen \u00fcber das Gel\u00e4nde und den aktuellen Ausbauzustand. Au\u00dferdem haben\u00a0<\/span><\/span><\/span><\/p><p><span style=\"color: #ffffff;\"><span style=\"font-family: Arial, sans-serif;\"><span style=\"font-size: medium;\"><span style=\"text-decoration: underline;\">OFFENE ATELIERS im Rahmen des Kulturszenarios:<\/span> <\/span><\/span><\/span><\/p><p><span style=\"color: #ffffff;\"><span style=\"font-family: Arial, sans-serif;\"><span style=\"font-size: medium;\">Am 20. und 21.9. haben jeweils von 14 bis 18 Uhr folgende Ateliers ge\u00f6ffnet:<\/span><\/span><\/span><\/p><p><span style=\"color: #ffffff;\"><span style=\"font-family: Arial, sans-serif;\"><span style=\"font-size: medium;\">Alena Steinlechner, Rathausstra\u00dfe 8a.<\/span><\/span><\/span><\/p><p><span style=\"color: #ffffff;\"><span style=\"font-family: Arial, sans-serif;\"><span style=\"font-size: medium;\">Rosel Anton, Weinstra\u00dfe 234.<\/span><\/span><\/span><\/p><p><span style=\"color: #ffffff;\"><span style=\"font-family: Arial, sans-serif;\"><span style=\"font-size: medium;\">Roswitha van der Zander, Weinstra\u00dfe 118.<\/span><\/span><\/span><\/p><p><span style=\"color: #ffffff;\"><span style=\"font-family: Arial, sans-serif;\"><span style=\"font-size: medium;\">Manfred E. Plathe, Hetzelstra\u00dfe 10.<\/span><\/span><\/span><\/p>\t\t\t\t\t\t\t\t<\/div>\n\t\t\t\t<\/div>\n\t\t\t\t\t<\/div>\n\t\t\t\t<\/div>\n\t\t<div class=\"elementor-element elementor-element-907e10d e-flex e-con-boxed e-con e-parent\" data-id=\"907e10d\" data-element_type=\"container\">\n\t\t\t\t\t<div class=\"e-con-inner\">\n\t\t\t\t<div class=\"elementor-element elementor-element-5bf99c9 elementor-widget elementor-widget-image\" data-id=\"5bf99c9\" data-element_type=\"widget\" data-widget_type=\"image.default\">\n\t\t\t\t<div class=\"elementor-widget-container\">\n\t\t\t\t\t\t\t\t\t\t\t\t\t\t\t<img decoding=\"async\" width=\"650\" height=\"111\" src=\"https:\/\/kulturszenario.de\/wp-content\/uploads\/2024\/11\/SVK_Logo_Text_2.jpg\" class=\"attachment-large size-large wp-image-24\" alt=\"\" srcset=\"https:\/\/kulturszenario.de\/wp-content\/uploads\/2024\/11\/SVK_Logo_Text_2.jpg 650w, https:\/\/kulturszenario.de\/wp-content\/uploads\/2024\/11\/SVK_Logo_Text_2-300x51.jpg 300w\" sizes=\"(max-width: 650px) 100vw, 650px\" \/>\t\t\t\t\t\t\t\t\t\t\t\t\t\t\t<\/div>\n\t\t\t\t<\/div>\n\t\t\t\t\t<\/div>\n\t\t\t\t<\/div>\n\t\t<div class=\"elementor-element elementor-element-c2532f0 e-flex e-con-boxed e-con e-parent\" data-id=\"c2532f0\" data-element_type=\"container\">\n\t\t\t\t\t<div class=\"e-con-inner\">\n\t\t\t\t<div class=\"elementor-element elementor-element-c32d353 elementor-widget elementor-widget-text-editor\" data-id=\"c32d353\" data-element_type=\"widget\" data-widget_type=\"text-editor.default\">\n\t\t\t\t<div class=\"elementor-widget-container\">\n\t\t\t\t\t\t\t\t\t<p>Kontakt: <a href=\"mailto:info@kulturszenario.de\">info@kulturszenario.de<\/a><\/p><p>Instagram: <a href=\"http:\/\/www.instagram.com\/kulturszenarionw\">www.instagram.com\/kulturszenarionw<\/a><\/p><p>Stadtverband f\u00fcr Kultur in Neustadt: <a href=\"https:\/\/www.kultur-in-neustadt.eu\/\">www.kultur-in-neustadt.eu<\/a><\/p>\t\t\t\t\t\t\t\t<\/div>\n\t\t\t\t<\/div>\n\t\t\t\t\t<\/div>\n\t\t\t\t<\/div>\n\t\t<div class=\"elementor-element elementor-element-7d4b9c2 e-flex e-con-boxed e-con e-parent\" data-id=\"7d4b9c2\" data-element_type=\"container\">\n\t\t\t\t\t<div class=\"e-con-inner\">\n\t\t<div class=\"elementor-element elementor-element-4c90d30 e-con-full e-flex e-con e-child\" data-id=\"4c90d30\" data-element_type=\"container\">\n\t\t\t\t<div class=\"elementor-element elementor-element-28630c3 elementor-widget elementor-widget-image\" data-id=\"28630c3\" data-element_type=\"widget\" data-widget_type=\"image.default\">\n\t\t\t\t<div class=\"elementor-widget-container\">\n\t\t\t\t\t\t\t\t\t\t\t\t\t\t\t\t<a href=\"https:\/\/kulturszenario.de\/start\/mod-special\/\">\n\t\t\t\t\t\t\t<img decoding=\"async\" width=\"1000\" height=\"715\" src=\"https:\/\/kulturszenario.de\/wp-content\/uploads\/2025\/07\/mod.jpg\" class=\"attachment-large size-large wp-image-157\" alt=\"\" srcset=\"https:\/\/kulturszenario.de\/wp-content\/uploads\/2025\/07\/mod.jpg 1000w, https:\/\/kulturszenario.de\/wp-content\/uploads\/2025\/07\/mod-300x215.jpg 300w, https:\/\/kulturszenario.de\/wp-content\/uploads\/2025\/07\/mod-768x549.jpg 768w\" sizes=\"(max-width: 1000px) 100vw, 1000px\" \/>\t\t\t\t\t\t\t\t<\/a>\n\t\t\t\t\t\t\t\t\t\t\t\t\t\t\t<\/div>\n\t\t\t\t<\/div>\n\t\t\t\t<\/div>\n\t\t<div class=\"elementor-element elementor-element-801cb5c e-con-full e-flex e-con e-child\" data-id=\"801cb5c\" data-element_type=\"container\">\n\t\t\t\t<div class=\"elementor-element elementor-element-1cfe816 elementor-widget elementor-widget-text-editor\" data-id=\"1cfe816\" data-element_type=\"widget\" data-widget_type=\"text-editor.default\">\n\t\t\t\t<div class=\"elementor-widget-container\">\n\t\t\t\t\t\t\t\t\t<p>Ihr k\u00f6nnt die Veranstaltungsorte des KulturSzenario&#8217;s mit Mobility-on-Demand verg\u00fcnstigt ereichen. <a href=\"https:\/\/kulturszenario.de\/start\/mod-special\/\">Mehr Info&#8217;s hier<\/a>.<\/p>\t\t\t\t\t\t\t\t<\/div>\n\t\t\t\t<\/div>\n\t\t\t\t<\/div>\n\t\t\t\t\t<\/div>\n\t\t\t\t<\/div>\n\t\t<div class=\"elementor-element elementor-element-12489d4 e-flex e-con-boxed e-con e-parent\" data-id=\"12489d4\" data-element_type=\"container\">\n\t\t\t\t\t<div class=\"e-con-inner\">\n\t\t\t\t<div class=\"elementor-element elementor-element-5851847 elementor-widget elementor-widget-image\" data-id=\"5851847\" data-element_type=\"widget\" data-widget_type=\"image.default\">\n\t\t\t\t<div class=\"elementor-widget-container\">\n\t\t\t\t\t\t\t\t\t\t\t\t\t\t\t<img loading=\"lazy\" decoding=\"async\" width=\"1024\" height=\"565\" src=\"https:\/\/kulturszenario.de\/wp-content\/uploads\/2025\/07\/Logo_MFFKIgefoerdert_4c-1024x565.jpg\" class=\"attachment-large size-large wp-image-139\" alt=\"\" srcset=\"https:\/\/kulturszenario.de\/wp-content\/uploads\/2025\/07\/Logo_MFFKIgefoerdert_4c-1024x565.jpg 1024w, https:\/\/kulturszenario.de\/wp-content\/uploads\/2025\/07\/Logo_MFFKIgefoerdert_4c-300x166.jpg 300w, https:\/\/kulturszenario.de\/wp-content\/uploads\/2025\/07\/Logo_MFFKIgefoerdert_4c-768x424.jpg 768w, https:\/\/kulturszenario.de\/wp-content\/uploads\/2025\/07\/Logo_MFFKIgefoerdert_4c-1536x848.jpg 1536w, https:\/\/kulturszenario.de\/wp-content\/uploads\/2025\/07\/Logo_MFFKIgefoerdert_4c-2048x1130.jpg 2048w\" sizes=\"(max-width: 1024px) 100vw, 1024px\" \/>\t\t\t\t\t\t\t\t\t\t\t\t\t\t\t<\/div>\n\t\t\t\t<\/div>\n\t\t\t\t\t<\/div>\n\t\t\t\t<\/div>\n\t\t<div class=\"elementor-element elementor-element-7b1740b e-flex e-con-boxed e-con e-parent\" data-id=\"7b1740b\" data-element_type=\"container\">\n\t\t\t\t\t<div class=\"e-con-inner\">\n\t\t\t\t<div class=\"elementor-element elementor-element-a84715d elementor-widget elementor-widget-image\" data-id=\"a84715d\" data-element_type=\"widget\" data-widget_type=\"image.default\">\n\t\t\t\t<div class=\"elementor-widget-container\">\n\t\t\t\t\t\t\t\t\t\t\t\t\t\t\t<img loading=\"lazy\" decoding=\"async\" width=\"1024\" height=\"283\" src=\"https:\/\/kulturszenario.de\/wp-content\/uploads\/2025\/07\/Logo_Stadtwerke_farbig-1024x283.jpg\" class=\"attachment-large size-large wp-image-144\" alt=\"\" srcset=\"https:\/\/kulturszenario.de\/wp-content\/uploads\/2025\/07\/Logo_Stadtwerke_farbig-1024x283.jpg 1024w, https:\/\/kulturszenario.de\/wp-content\/uploads\/2025\/07\/Logo_Stadtwerke_farbig-300x83.jpg 300w, https:\/\/kulturszenario.de\/wp-content\/uploads\/2025\/07\/Logo_Stadtwerke_farbig-768x213.jpg 768w, https:\/\/kulturszenario.de\/wp-content\/uploads\/2025\/07\/Logo_Stadtwerke_farbig-1536x425.jpg 1536w, https:\/\/kulturszenario.de\/wp-content\/uploads\/2025\/07\/Logo_Stadtwerke_farbig.jpg 1745w\" sizes=\"(max-width: 1024px) 100vw, 1024px\" \/>\t\t\t\t\t\t\t\t\t\t\t\t\t\t\t<\/div>\n\t\t\t\t<\/div>\n\t\t\t\t\t<\/div>\n\t\t\t\t<\/div>\n\t\t<div class=\"elementor-element elementor-element-9f7656e e-flex e-con-boxed e-con e-parent\" data-id=\"9f7656e\" data-element_type=\"container\">\n\t\t\t\t\t<div class=\"e-con-inner\">\n\t\t\t\t<div class=\"elementor-element elementor-element-0d32f3d elementor-widget elementor-widget-image\" data-id=\"0d32f3d\" data-element_type=\"widget\" data-widget_type=\"image.default\">\n\t\t\t\t<div class=\"elementor-widget-container\">\n\t\t\t\t\t\t\t\t\t\t\t\t\t\t\t<img loading=\"lazy\" decoding=\"async\" width=\"900\" height=\"500\" src=\"https:\/\/kulturszenario.de\/wp-content\/uploads\/2025\/07\/sparkasse-rhein-haardt-logo-vector.png\" class=\"attachment-large size-large wp-image-153\" alt=\"\" srcset=\"https:\/\/kulturszenario.de\/wp-content\/uploads\/2025\/07\/sparkasse-rhein-haardt-logo-vector.png 900w, https:\/\/kulturszenario.de\/wp-content\/uploads\/2025\/07\/sparkasse-rhein-haardt-logo-vector-300x167.png 300w, https:\/\/kulturszenario.de\/wp-content\/uploads\/2025\/07\/sparkasse-rhein-haardt-logo-vector-768x427.png 768w\" sizes=\"(max-width: 900px) 100vw, 900px\" \/>\t\t\t\t\t\t\t\t\t\t\t\t\t\t\t<\/div>\n\t\t\t\t<\/div>\n\t\t\t\t\t<\/div>\n\t\t\t\t<\/div>\n\t\t<div class=\"elementor-element elementor-element-35f99e7 e-flex e-con-boxed e-con e-parent\" data-id=\"35f99e7\" data-element_type=\"container\">\n\t\t\t\t\t<div class=\"e-con-inner\">\n\t\t\t\t<div class=\"elementor-element elementor-element-6ccf7ab elementor-widget elementor-widget-image\" data-id=\"6ccf7ab\" data-element_type=\"widget\" data-widget_type=\"image.default\">\n\t\t\t\t<div class=\"elementor-widget-container\">\n\t\t\t\t\t\t\t\t\t\t\t\t\t\t\t<img loading=\"lazy\" decoding=\"async\" width=\"558\" height=\"438\" src=\"https:\/\/kulturszenario.de\/wp-content\/uploads\/2025\/07\/globus-logo.jpg\" class=\"attachment-large size-large wp-image-159\" alt=\"\" srcset=\"https:\/\/kulturszenario.de\/wp-content\/uploads\/2025\/07\/globus-logo.jpg 558w, https:\/\/kulturszenario.de\/wp-content\/uploads\/2025\/07\/globus-logo-300x235.jpg 300w\" sizes=\"(max-width: 558px) 100vw, 558px\" \/>\t\t\t\t\t\t\t\t\t\t\t\t\t\t\t<\/div>\n\t\t\t\t<\/div>\n\t\t\t\t\t<\/div>\n\t\t\t\t<\/div>\n\t\t<div class=\"elementor-element elementor-element-4d40a29 e-flex e-con-boxed e-con e-parent\" data-id=\"4d40a29\" data-element_type=\"container\">\n\t\t\t\t\t<div class=\"e-con-inner\">\n\t\t\t\t<div class=\"elementor-element elementor-element-8afaf43 elementor-widget elementor-widget-image\" data-id=\"8afaf43\" data-element_type=\"widget\" data-widget_type=\"image.default\">\n\t\t\t\t<div class=\"elementor-widget-container\">\n\t\t\t\t\t\t\t\t\t\t\t\t\t\t\t\t<a href=\"https:\/\/kulturszenario.de\/start\/mod-special\/\">\n\t\t\t\t\t\t\t<img decoding=\"async\" width=\"1000\" height=\"715\" src=\"https:\/\/kulturszenario.de\/wp-content\/uploads\/2025\/07\/mod.jpg\" class=\"attachment-large size-large wp-image-157\" alt=\"\" srcset=\"https:\/\/kulturszenario.de\/wp-content\/uploads\/2025\/07\/mod.jpg 1000w, https:\/\/kulturszenario.de\/wp-content\/uploads\/2025\/07\/mod-300x215.jpg 300w, https:\/\/kulturszenario.de\/wp-content\/uploads\/2025\/07\/mod-768x549.jpg 768w\" sizes=\"(max-width: 1000px) 100vw, 1000px\" \/>\t\t\t\t\t\t\t\t<\/a>\n\t\t\t\t\t\t\t\t\t\t\t\t\t\t\t<\/div>\n\t\t\t\t<\/div>\n\t\t\t\t\t<\/div>\n\t\t\t\t<\/div>\n\t\t\t\t<\/div>\n\t\t","protected":false},"excerpt":{"rendered":"<p>Programm 20. September: KULTUR IN DER STADT 10 \u2013 17 Uhr: F\u00fchrungen zur vollen Stunde in der Gedenkst\u00e4tte f\u00fcr NS-Opfer 11 \u2013 20 Uhr: Ausstellung \u201eTotal analog und ganz ohne Strom\u201c, Rudi M\u00fcller zeigt private Sammlung von Wachswalzen, Schellackplatten, Phonographen und Grammophonen. Fr\u00f6belstra\u00dfe 26, 2. OG. 10 Uhr + 12 Uhr: Live Musik mit Ede [&hellip;]<\/p>\n","protected":false},"author":1,"featured_media":0,"parent":0,"menu_order":0,"comment_status":"closed","ping_status":"closed","template":"","meta":{"footnotes":""},"class_list":["post-8","page","type-page","status-publish","hentry"],"_links":{"self":[{"href":"https:\/\/kulturszenario.de\/start\/wp-json\/wp\/v2\/pages\/8","targetHints":{"allow":["GET"]}}],"collection":[{"href":"https:\/\/kulturszenario.de\/start\/wp-json\/wp\/v2\/pages"}],"about":[{"href":"https:\/\/kulturszenario.de\/start\/wp-json\/wp\/v2\/types\/page"}],"author":[{"embeddable":true,"href":"https:\/\/kulturszenario.de\/start\/wp-json\/wp\/v2\/users\/1"}],"replies":[{"embeddable":true,"href":"https:\/\/kulturszenario.de\/start\/wp-json\/wp\/v2\/comments?post=8"}],"version-history":[{"count":107,"href":"https:\/\/kulturszenario.de\/start\/wp-json\/wp\/v2\/pages\/8\/revisions"}],"predecessor-version":[{"id":204,"href":"https:\/\/kulturszenario.de\/start\/wp-json\/wp\/v2\/pages\/8\/revisions\/204"}],"wp:attachment":[{"href":"https:\/\/kulturszenario.de\/start\/wp-json\/wp\/v2\/media?parent=8"}],"curies":[{"name":"wp","href":"https:\/\/api.w.org\/{rel}","templated":true}]}}